{"id":13,"date":"2025-01-25T10:37:38","date_gmt":"2025-01-25T10:37:38","guid":{"rendered":"https:\/\/dev.stan101.si\/?page_id=13"},"modified":"2025-01-25T10:49:16","modified_gmt":"2025-01-25T10:49:16","slug":"o-drustvu","status":"publish","type":"page","link":"https:\/\/dev.stan101.si\/index.php\/o-drustvu\/","title":{"rendered":"O dru\u0161tvu"},"content":{"rendered":"\n<h2 class=\"wp-block-heading\"><strong>Dejavnost <\/strong><\/h2>\n\n\n\n<p>Delovanje dru\u0161tva temelji na na\u010delih samostojnosti, prostovoljnosti, nepridobitnosti, enakopravnosti in javnosti dela.<\/p>\n\n\n\n<ul class=\"wp-block-list\">\n<li>skrb za okolje,<\/li>\n\n\n\n<li>sodelovanje s drugimi dru\u0161tvi in organi v Ob\u010dini Mirna in zunaj nje,<\/li>\n\n\n\n<li>dajanje pobud za razvijanje, oblikovanje in poenotenje turisti\u010dnih obele\u017eij,<\/li>\n\n\n\n<li>varstvo naravne in kulturne dedi\u0161\u010dine ter negovanje ljudskih obi\u010dajev,<\/li>\n\n\n\n<li>sodelovanje na sejmih in drugih predstavitvah, ki jih organizirajo druga dru\u0161tva in organizacije,<\/li>\n\n\n\n<li>koordiniranju dejavnosti, ki so skupnega pomena za razvoj dru\u017eabnosti, kulture, \u0161porta in turizma na podro\u010dju Debenca in Stana,<\/li>\n\n\n\n<li>upravljanje lokalnega vodovodnega sistema Debenec-Stan.<\/li>\n<\/ul>\n\n\n\n<p><\/p>\n\n\n\n<p><\/p>\n\n\n\n<p><\/p>\n\n\n\n<h2 class=\"wp-block-heading\">Ustanovitev<\/h2>\n\n\n\n<p>Na ob\u010dnem zboru Dru\u0161tva za razvoj Debenca in Stana dne 22. 5. 2022 je bilo izvoljeno naslednje vodstvo:<\/p>\n\n\n\n<p>Predsednik:<br>\u017dELEZNIK Andrej<\/p>\n\n\n\n<p>\u010clani:<br>BEVC Marko<br>TOM\u0160I\u010c Stanko<br>POVHE Damjan<br>BEVC \u0160tefka<br>\u0160IRCELJ Lidija<br>\u0160TEKOVI\u010c Ksenija<br>BAJC Vanja<br>\u0160KUFCA Milan<\/p>\n\n\n\n<p><\/p>\n\n\n\n<p><\/p>\n\n\n\n<p><\/p>\n\n\n\n<h2 class=\"wp-block-heading\">Kontakt<\/h2>\n\n\n\n<p>Sede\u017e dru\u0161tva: Debenec 13, 8233 Mirna<\/p>\n\n\n\n<p>Telefon: 041 549 950<\/p>\n\n\n\n<p>e-mail: info@debenec-stan.si<\/p>\n\n\n\n<p><\/p>\n\n\n\n<p><\/p>\n\n\n\n<p><\/p>\n\n\n\n<h2 class=\"wp-block-heading\">Podatki dru\u0161tva<\/h2>\n\n\n\n<p>Mati\u010dna \u0161tevilka: 409083700<\/p>\n\n\n\n<p>Dav\u010dna \u0161tevilka: 50556193<\/p>\n\n\n\n<p>TRR: SI56 0297 4026 2053 132 (NLB Mirna)<\/p>\n\n\n\n<p>Datum vpisa v register: 27. 07. 2016 pri UE Trebnje<\/p>\n\n\n\n<p>Pravnoorganizacijska oblika: Dru\u0161tvo, Zveza dru\u0161tev<\/p>\n\n\n\n<p>Glavna dejavnost: 94.999<\/p>\n","protected":false},"excerpt":{"rendered":"<p>Dejavnost Delovanje dru\u0161tva temelji na na\u010delih samostojnosti, prostovoljnosti, nepridobitnosti, enakopravnosti in javnosti dela. Ustanovitev Na ob\u010dnem zboru Dru\u0161tva za razvoj Debenca in Stana dne 22. 5. 2022 je bilo izvoljeno naslednje vodstvo: Predsednik:\u017dELEZNIK Andrej \u010clani:BEVC MarkoTOM\u0160I\u010c StankoPOVHE DamjanBEVC \u0160tefka\u0160IRCELJ Lidija\u0160TEKOVI\u010c &hellip; <a href=\"https:\/\/dev.stan101.si\/index.php\/o-drustvu\/\">Beri naprej <span class=\"meta-nav\">&rarr;<\/span><\/a><\/p>\n","protected":false},"author":1,"featured_media":0,"parent":0,"menu_order":0,"comment_status":"closed","ping_status":"closed","template":"","meta":{"footnotes":""},"class_list":["post-13","page","type-page","status-publish","hentry"],"yoast_head":"<!-- This site is optimized with the Yoast SEO plugin v24.4 - https:\/\/yoast.com\/wordpress\/plugins\/seo\/ -->\n<title>O dru\u0161tvu - development<\/title>\n<meta name=\"robots\" content=\"noindex, nofollow\" \/>\n<meta property=\"og:locale\" content=\"sl_SI\" \/>\n<meta property=\"og:type\" content=\"article\" \/>\n<meta property=\"og:title\" content=\"O dru\u0161tvu - development\" \/>\n<meta property=\"og:description\" content=\"Dejavnost Delovanje dru\u0161tva temelji na na\u010delih samostojnosti, prostovoljnosti, nepridobitnosti, enakopravnosti in javnosti dela. Ustanovitev Na ob\u010dnem zboru Dru\u0161tva za razvoj Debenca in Stana dne 22. 5. 2022 je bilo izvoljeno naslednje vodstvo: Predsednik:\u017dELEZNIK Andrej \u010clani:BEVC MarkoTOM\u0160I\u010c StankoPOVHE DamjanBEVC \u0160tefka\u0160IRCELJ Lidija\u0160TEKOVI\u010c &hellip; Beri naprej &rarr;\" \/>\n<meta property=\"og:url\" content=\"https:\/\/dev.stan101.si\/index.php\/o-drustvu\/\" \/>\n<meta property=\"og:site_name\" content=\"development\" \/>\n<meta property=\"article:modified_time\" content=\"2025-01-25T10:49:16+00:00\" \/>\n<meta name=\"twitter:card\" content=\"summary_large_image\" \/>\n<meta name=\"twitter:label1\" content=\"Est. reading time\" \/>\n\t<meta name=\"twitter:data1\" content=\"1 minuta\" \/>\n<script type=\"application\/ld+json\" class=\"yoast-schema-graph\">{\"@context\":\"https:\/\/schema.org\",\"@graph\":[{\"@type\":\"WebPage\",\"@id\":\"https:\/\/dev.stan101.si\/index.php\/o-drustvu\/\",\"url\":\"https:\/\/dev.stan101.si\/index.php\/o-drustvu\/\",\"name\":\"O dru\u0161tvu - development\",\"isPartOf\":{\"@id\":\"https:\/\/dev.stan101.si\/#website\"},\"datePublished\":\"2025-01-25T10:37:38+00:00\",\"dateModified\":\"2025-01-25T10:49:16+00:00\",\"breadcrumb\":{\"@id\":\"https:\/\/dev.stan101.si\/index.php\/o-drustvu\/#breadcrumb\"},\"inLanguage\":\"sl-SI\",\"potentialAction\":[{\"@type\":\"ReadAction\",\"target\":[\"https:\/\/dev.stan101.si\/index.php\/o-drustvu\/\"]}]},{\"@type\":\"BreadcrumbList\",\"@id\":\"https:\/\/dev.stan101.si\/index.php\/o-drustvu\/#breadcrumb\",\"itemListElement\":[{\"@type\":\"ListItem\",\"position\":1,\"name\":\"Home\",\"item\":\"https:\/\/dev.stan101.si\/\"},{\"@type\":\"ListItem\",\"position\":2,\"name\":\"O dru\u0161tvu\"}]},{\"@type\":\"WebSite\",\"@id\":\"https:\/\/dev.stan101.si\/#website\",\"url\":\"https:\/\/dev.stan101.si\/\",\"name\":\"development\",\"description\":\"\",\"potentialAction\":[{\"@type\":\"SearchAction\",\"target\":{\"@type\":\"EntryPoint\",\"urlTemplate\":\"https:\/\/dev.stan101.si\/?s={search_term_string}\"},\"query-input\":{\"@type\":\"PropertyValueSpecification\",\"valueRequired\":true,\"valueName\":\"search_term_string\"}}],\"inLanguage\":\"sl-SI\"}]}<\/script>\n<!-- \/ Yoast SEO plugin. -->","yoast_head_json":{"title":"O dru\u0161tvu - development","robots":{"index":"noindex","follow":"nofollow"},"og_locale":"sl_SI","og_type":"article","og_title":"O dru\u0161tvu - development","og_description":"Dejavnost Delovanje dru\u0161tva temelji na na\u010delih samostojnosti, prostovoljnosti, nepridobitnosti, enakopravnosti in javnosti dela. Ustanovitev Na ob\u010dnem zboru Dru\u0161tva za razvoj Debenca in Stana dne 22. 5. 2022 je bilo izvoljeno naslednje vodstvo: Predsednik:\u017dELEZNIK Andrej \u010clani:BEVC MarkoTOM\u0160I\u010c StankoPOVHE DamjanBEVC \u0160tefka\u0160IRCELJ Lidija\u0160TEKOVI\u010c &hellip; Beri naprej &rarr;","og_url":"https:\/\/dev.stan101.si\/index.php\/o-drustvu\/","og_site_name":"development","article_modified_time":"2025-01-25T10:49:16+00:00","twitter_card":"summary_large_image","twitter_misc":{"Est. reading time":"1 minuta"},"schema":{"@context":"https:\/\/schema.org","@graph":[{"@type":"WebPage","@id":"https:\/\/dev.stan101.si\/index.php\/o-drustvu\/","url":"https:\/\/dev.stan101.si\/index.php\/o-drustvu\/","name":"O dru\u0161tvu - development","isPartOf":{"@id":"https:\/\/dev.stan101.si\/#website"},"datePublished":"2025-01-25T10:37:38+00:00","dateModified":"2025-01-25T10:49:16+00:00","breadcrumb":{"@id":"https:\/\/dev.stan101.si\/index.php\/o-drustvu\/#breadcrumb"},"inLanguage":"sl-SI","potentialAction":[{"@type":"ReadAction","target":["https:\/\/dev.stan101.si\/index.php\/o-drustvu\/"]}]},{"@type":"BreadcrumbList","@id":"https:\/\/dev.stan101.si\/index.php\/o-drustvu\/#breadcrumb","itemListElement":[{"@type":"ListItem","position":1,"name":"Home","item":"https:\/\/dev.stan101.si\/"},{"@type":"ListItem","position":2,"name":"O dru\u0161tvu"}]},{"@type":"WebSite","@id":"https:\/\/dev.stan101.si\/#website","url":"https:\/\/dev.stan101.si\/","name":"development","description":"","potentialAction":[{"@type":"SearchAction","target":{"@type":"EntryPoint","urlTemplate":"https:\/\/dev.stan101.si\/?s={search_term_string}"},"query-input":{"@type":"PropertyValueSpecification","valueRequired":true,"valueName":"search_term_string"}}],"inLanguage":"sl-SI"}]}},"_links":{"self":[{"href":"https:\/\/dev.stan101.si\/index.php\/wp-json\/wp\/v2\/pages\/13","targetHints":{"allow":["GET"]}}],"collection":[{"href":"https:\/\/dev.stan101.si\/index.php\/wp-json\/wp\/v2\/pages"}],"about":[{"href":"https:\/\/dev.stan101.si\/index.php\/wp-json\/wp\/v2\/types\/page"}],"author":[{"embeddable":true,"href":"https:\/\/dev.stan101.si\/index.php\/wp-json\/wp\/v2\/users\/1"}],"replies":[{"embeddable":true,"href":"https:\/\/dev.stan101.si\/index.php\/wp-json\/wp\/v2\/comments?post=13"}],"version-history":[{"count":8,"href":"https:\/\/dev.stan101.si\/index.php\/wp-json\/wp\/v2\/pages\/13\/revisions"}],"predecessor-version":[{"id":29,"href":"https:\/\/dev.stan101.si\/index.php\/wp-json\/wp\/v2\/pages\/13\/revisions\/29"}],"wp:attachment":[{"href":"https:\/\/dev.stan101.si\/index.php\/wp-json\/wp\/v2\/media?parent=13"}],"curies":[{"name":"wp","href":"https:\/\/api.w.org\/{rel}","templated":true}]}}