{"id":30,"date":"2025-01-25T10:49:52","date_gmt":"2025-01-25T10:49:52","guid":{"rendered":"https:\/\/dev.stan101.si\/?page_id=30"},"modified":"2025-01-25T10:56:52","modified_gmt":"2025-01-25T10:56:52","slug":"o-kraju","status":"publish","type":"page","link":"https:\/\/dev.stan101.si\/index.php\/o-kraju\/","title":{"rendered":"O kraju"},"content":{"rendered":"\n<h2 class=\"wp-block-heading\">Debenec<\/h2>\n\n\n\n<p>Debenec je razlo\u017eeno naselje na vinorodnih pobo\u010djih istoimenskega vrha med hribi Dolenjskega podolja. Nahaja se ju\u017eno od reke Mirne nad potokom Zabr\u0161\u010dica. Na vrhu je bil neko\u010d razgledni stop. Danes na njemu najdemo planinski dom in \u0161iroko parkiri\u0161\u010de za avtomobile. Razgled na vrhu se odpre za parkiri\u0161\u010dem. Vidi se Mirenska dolina in v ozadju Posavski hribi z ju\u017enimi pobo\u010dji.\u00a0 Debenec se nahaja v Vzhodnem Dinarskem svetu in Dolenjskem podoblju ter v regiji Dolenjska in podregiji Novome\u0161ko-Kr\u0161ka. Vrh hriba in njegove ni\u017eje dele pora\u0161\u010da listnati gozd, predvsem bukev in kostanj, srednji deli strmih pobo\u010dij pa so zasajeni s trto. Prst je pe\u0161\u010dena in te\u017eka za obdelavo zato so njivske povr\u0161ine skromne. Pridelujejo tudi nekaj sadja, zlasti hru\u0161ke, v dolini pa te\u010de studenec Na koritu.<\/p>\n\n\n\n<p><\/p>\n\n\n\n<p><\/p>\n\n\n\n<p><\/p>\n\n\n\n<h2 class=\"wp-block-heading\">Stan<\/h2>\n\n\n\n<p>Stan je obcestno slemensko naselje nad Mirnsko dolino dostopno po cesti z Mirne, ki se od tod nadaljuje do Debenca, naselju pripada tudi zaselek Reber. Na severovzhodu se nahaja globoka dolina Dule s potokom, ki izvira v Slivcu in te\u010de proti Vol\u010djim Njivam. Vsa severna stran je gozdnata, prevladuje bukov gozd, na vzhodu pa pobo\u010dje prehaja v vrh Debenca in Grabljak. Na jugu je globoka gozdnata Kraljeva dolina s potokom, ki izvira pod Gladko steno, kjer preide v vi\u0161ji Blatni klanec. Zahodno od Rebri je gozd Kozlevec, v katerem izvira mo\u010dan izvir Staro apno, odkrito pa je bilo tudi hal\u0161tatsko gomilno grobi\u0161\u010de. Na severovzhodni strani proti Cirniku se nahaja Petri\u010dev studenec.<\/p>\n\n\n\n<p><\/p>\n\n\n\n<p><\/p>\n\n\n\n<p><\/p>\n\n\n\n<p><\/p>\n\n\n\n<p><\/p>\n\n\n\n<p><\/p>\n\n\n\n<p><\/p>\n\n\n\n<p>Vir: Krajevni leksikon Slovenije, 1971. Dr\u017eavna zalo\u017eba Slovenije, Ljubljana<\/p>\n","protected":false},"excerpt":{"rendered":"<p>Debenec Debenec je razlo\u017eeno naselje na vinorodnih pobo\u010djih istoimenskega vrha med hribi Dolenjskega podolja. Nahaja se ju\u017eno od reke Mirne nad potokom Zabr\u0161\u010dica. Na vrhu je bil neko\u010d razgledni stop. Danes na njemu najdemo planinski dom in \u0161iroko parkiri\u0161\u010de za &hellip; <a href=\"https:\/\/dev.stan101.si\/index.php\/o-kraju\/\">Beri naprej <span class=\"meta-nav\">&rarr;<\/span><\/a><\/p>\n","protected":false},"author":1,"featured_media":0,"parent":0,"menu_order":0,"comment_status":"closed","ping_status":"closed","template":"","meta":{"footnotes":""},"class_list":["post-30","page","type-page","status-publish","hentry"],"yoast_head":"<!-- This site is optimized with the Yoast SEO plugin v24.4 - https:\/\/yoast.com\/wordpress\/plugins\/seo\/ -->\n<title>O kraju - development<\/title>\n<meta name=\"robots\" content=\"noindex, nofollow\" \/>\n<meta property=\"og:locale\" content=\"sl_SI\" \/>\n<meta property=\"og:type\" content=\"article\" \/>\n<meta property=\"og:title\" content=\"O kraju - development\" \/>\n<meta property=\"og:description\" content=\"Debenec Debenec je razlo\u017eeno naselje na vinorodnih pobo\u010djih istoimenskega vrha med hribi Dolenjskega podolja. Nahaja se ju\u017eno od reke Mirne nad potokom Zabr\u0161\u010dica. Na vrhu je bil neko\u010d razgledni stop. Danes na njemu najdemo planinski dom in \u0161iroko parkiri\u0161\u010de za &hellip; Beri naprej &rarr;\" \/>\n<meta property=\"og:url\" content=\"https:\/\/dev.stan101.si\/index.php\/o-kraju\/\" \/>\n<meta property=\"og:site_name\" content=\"development\" \/>\n<meta property=\"article:modified_time\" content=\"2025-01-25T10:56:52+00:00\" \/>\n<meta name=\"twitter:card\" content=\"summary_large_image\" \/>\n<meta name=\"twitter:label1\" content=\"Est. reading time\" \/>\n\t<meta name=\"twitter:data1\" content=\"2 minuti\" \/>\n<script type=\"application\/ld+json\" class=\"yoast-schema-graph\">{\"@context\":\"https:\/\/schema.org\",\"@graph\":[{\"@type\":\"WebPage\",\"@id\":\"https:\/\/dev.stan101.si\/index.php\/o-kraju\/\",\"url\":\"https:\/\/dev.stan101.si\/index.php\/o-kraju\/\",\"name\":\"O kraju - development\",\"isPartOf\":{\"@id\":\"https:\/\/dev.stan101.si\/#website\"},\"datePublished\":\"2025-01-25T10:49:52+00:00\",\"dateModified\":\"2025-01-25T10:56:52+00:00\",\"breadcrumb\":{\"@id\":\"https:\/\/dev.stan101.si\/index.php\/o-kraju\/#breadcrumb\"},\"inLanguage\":\"sl-SI\",\"potentialAction\":[{\"@type\":\"ReadAction\",\"target\":[\"https:\/\/dev.stan101.si\/index.php\/o-kraju\/\"]}]},{\"@type\":\"BreadcrumbList\",\"@id\":\"https:\/\/dev.stan101.si\/index.php\/o-kraju\/#breadcrumb\",\"itemListElement\":[{\"@type\":\"ListItem\",\"position\":1,\"name\":\"Home\",\"item\":\"https:\/\/dev.stan101.si\/\"},{\"@type\":\"ListItem\",\"position\":2,\"name\":\"O kraju\"}]},{\"@type\":\"WebSite\",\"@id\":\"https:\/\/dev.stan101.si\/#website\",\"url\":\"https:\/\/dev.stan101.si\/\",\"name\":\"development\",\"description\":\"\",\"potentialAction\":[{\"@type\":\"SearchAction\",\"target\":{\"@type\":\"EntryPoint\",\"urlTemplate\":\"https:\/\/dev.stan101.si\/?s={search_term_string}\"},\"query-input\":{\"@type\":\"PropertyValueSpecification\",\"valueRequired\":true,\"valueName\":\"search_term_string\"}}],\"inLanguage\":\"sl-SI\"}]}<\/script>\n<!-- \/ Yoast SEO plugin. -->","yoast_head_json":{"title":"O kraju - development","robots":{"index":"noindex","follow":"nofollow"},"og_locale":"sl_SI","og_type":"article","og_title":"O kraju - development","og_description":"Debenec Debenec je razlo\u017eeno naselje na vinorodnih pobo\u010djih istoimenskega vrha med hribi Dolenjskega podolja. Nahaja se ju\u017eno od reke Mirne nad potokom Zabr\u0161\u010dica. Na vrhu je bil neko\u010d razgledni stop. Danes na njemu najdemo planinski dom in \u0161iroko parkiri\u0161\u010de za &hellip; Beri naprej &rarr;","og_url":"https:\/\/dev.stan101.si\/index.php\/o-kraju\/","og_site_name":"development","article_modified_time":"2025-01-25T10:56:52+00:00","twitter_card":"summary_large_image","twitter_misc":{"Est. reading time":"2 minuti"},"schema":{"@context":"https:\/\/schema.org","@graph":[{"@type":"WebPage","@id":"https:\/\/dev.stan101.si\/index.php\/o-kraju\/","url":"https:\/\/dev.stan101.si\/index.php\/o-kraju\/","name":"O kraju - development","isPartOf":{"@id":"https:\/\/dev.stan101.si\/#website"},"datePublished":"2025-01-25T10:49:52+00:00","dateModified":"2025-01-25T10:56:52+00:00","breadcrumb":{"@id":"https:\/\/dev.stan101.si\/index.php\/o-kraju\/#breadcrumb"},"inLanguage":"sl-SI","potentialAction":[{"@type":"ReadAction","target":["https:\/\/dev.stan101.si\/index.php\/o-kraju\/"]}]},{"@type":"BreadcrumbList","@id":"https:\/\/dev.stan101.si\/index.php\/o-kraju\/#breadcrumb","itemListElement":[{"@type":"ListItem","position":1,"name":"Home","item":"https:\/\/dev.stan101.si\/"},{"@type":"ListItem","position":2,"name":"O kraju"}]},{"@type":"WebSite","@id":"https:\/\/dev.stan101.si\/#website","url":"https:\/\/dev.stan101.si\/","name":"development","description":"","potentialAction":[{"@type":"SearchAction","target":{"@type":"EntryPoint","urlTemplate":"https:\/\/dev.stan101.si\/?s={search_term_string}"},"query-input":{"@type":"PropertyValueSpecification","valueRequired":true,"valueName":"search_term_string"}}],"inLanguage":"sl-SI"}]}},"_links":{"self":[{"href":"https:\/\/dev.stan101.si\/index.php\/wp-json\/wp\/v2\/pages\/30","targetHints":{"allow":["GET"]}}],"collection":[{"href":"https:\/\/dev.stan101.si\/index.php\/wp-json\/wp\/v2\/pages"}],"about":[{"href":"https:\/\/dev.stan101.si\/index.php\/wp-json\/wp\/v2\/types\/page"}],"author":[{"embeddable":true,"href":"https:\/\/dev.stan101.si\/index.php\/wp-json\/wp\/v2\/users\/1"}],"replies":[{"embeddable":true,"href":"https:\/\/dev.stan101.si\/index.php\/wp-json\/wp\/v2\/comments?post=30"}],"version-history":[{"count":4,"href":"https:\/\/dev.stan101.si\/index.php\/wp-json\/wp\/v2\/pages\/30\/revisions"}],"predecessor-version":[{"id":37,"href":"https:\/\/dev.stan101.si\/index.php\/wp-json\/wp\/v2\/pages\/30\/revisions\/37"}],"wp:attachment":[{"href":"https:\/\/dev.stan101.si\/index.php\/wp-json\/wp\/v2\/media?parent=30"}],"curies":[{"name":"wp","href":"https:\/\/api.w.org\/{rel}","templated":true}]}}