{"id":42,"date":"2025-01-25T11:06:17","date_gmt":"2025-01-25T11:06:17","guid":{"rendered":"https:\/\/dev.stan101.si\/?page_id=42"},"modified":"2025-01-25T11:10:31","modified_gmt":"2025-01-25T11:10:31","slug":"vodovod","status":"publish","type":"page","link":"https:\/\/dev.stan101.si\/index.php\/vodovod\/","title":{"rendered":"Vodovod"},"content":{"rendered":"\n<div class=\"wp-block-columns is-layout-flex wp-container-core-columns-is-layout-9d6595d7 wp-block-columns-is-layout-flex\">\n<div class=\"wp-block-column is-layout-flow wp-block-column-is-layout-flow\" style=\"flex-basis:100%\">\n<div style=\"height:100px\" aria-hidden=\"true\" class=\"wp-block-spacer\"><\/div>\n<\/div>\n<\/div>\n\n\n\n<h2 class=\"wp-block-heading\">Vodovodni sistem Stan-Debenec<\/h2>\n\n\n\n<div style=\"height:100px\" aria-hidden=\"true\" class=\"wp-block-spacer\"><\/div>\n\n\n\n<h2 class=\"wp-block-heading\">Upravljanje<\/h2>\n\n\n\n<p>Uporabniki in lastniki vodovodnega sistema Debenec-Stan so na Izrednem zboru uporabnikov in lastnikov dne 27. 8. 2016 pooblastili Dru\u0161tvo za razvoj Debenca in Stana za upravljanje in od\u010ditavanje vodovodnih \u0161tevcev.<\/p>\n\n\n\n<p>Zapisnik izrednega zbora 27. 08. 2016<\/p>\n\n\n\n<div class=\"wp-block-group\"><div class=\"wp-block-group__inner-container is-layout-constrained wp-block-group-is-layout-constrained\">\n<div class=\"wp-block-columns is-layout-flex wp-container-core-columns-is-layout-9d6595d7 wp-block-columns-is-layout-flex\">\n<div class=\"wp-block-column is-layout-flow wp-block-column-is-layout-flow\" style=\"flex-basis:100%\">\n<div style=\"height:100px\" aria-hidden=\"true\" class=\"wp-block-spacer\"><\/div>\n<\/div>\n<\/div>\n<\/div><\/div>\n\n\n\n<h2 class=\"wp-block-heading\">Podatki o vodovodnem sistemu<\/h2>\n\n\n\n<p><strong>Vodni vir:<\/strong>\u00a0Izvir<br><strong>\u0160tevilo oskrbovanih priklju\u010dkov:<\/strong>\u00a0198<br><strong>Dezinfencijsko sredstvo:<\/strong>\u00a0Natrijev hipoklorit<br><strong>\u0160tevilo vodohramov:<\/strong>\u00a04<br><strong>Oskrbovana naselja:<\/strong>\u00a0Stan, Debenec<\/p>\n\n\n\n<div class=\"wp-block-columns is-layout-flex wp-container-core-columns-is-layout-9d6595d7 wp-block-columns-is-layout-flex\">\n<div class=\"wp-block-column is-layout-flow wp-block-column-is-layout-flow\" style=\"flex-basis:100%\">\n<div style=\"height:100px\" aria-hidden=\"true\" class=\"wp-block-spacer\"><\/div>\n<\/div>\n<\/div>\n\n\n\n<h2 class=\"wp-block-heading\">Obvestila<\/h2>\n\n\n\n<p><\/p>\n","protected":false},"excerpt":{"rendered":"<p>Vodovodni sistem Stan-Debenec Upravljanje Uporabniki in lastniki vodovodnega sistema Debenec-Stan so na Izrednem zboru uporabnikov in lastnikov dne 27. 8. 2016 pooblastili Dru\u0161tvo za razvoj Debenca in Stana za upravljanje in od\u010ditavanje vodovodnih \u0161tevcev. Zapisnik izrednega zbora 27. 08. 2016 &hellip; <a href=\"https:\/\/dev.stan101.si\/index.php\/vodovod\/\">Beri naprej <span class=\"meta-nav\">&rarr;<\/span><\/a><\/p>\n","protected":false},"author":1,"featured_media":0,"parent":0,"menu_order":0,"comment_status":"closed","ping_status":"closed","template":"","meta":{"footnotes":""},"class_list":["post-42","page","type-page","status-publish","hentry"],"yoast_head":"<!-- This site is optimized with the Yoast SEO plugin v24.4 - https:\/\/yoast.com\/wordpress\/plugins\/seo\/ -->\n<title>Vodovod - development<\/title>\n<meta name=\"robots\" content=\"noindex, nofollow\" \/>\n<meta property=\"og:locale\" content=\"sl_SI\" \/>\n<meta property=\"og:type\" content=\"article\" \/>\n<meta property=\"og:title\" content=\"Vodovod - development\" \/>\n<meta property=\"og:description\" content=\"Vodovodni sistem Stan-Debenec Upravljanje Uporabniki in lastniki vodovodnega sistema Debenec-Stan so na Izrednem zboru uporabnikov in lastnikov dne 27. 8. 2016 pooblastili Dru\u0161tvo za razvoj Debenca in Stana za upravljanje in od\u010ditavanje vodovodnih \u0161tevcev. Zapisnik izrednega zbora 27. 08. 2016 &hellip; Beri naprej &rarr;\" \/>\n<meta property=\"og:url\" content=\"https:\/\/dev.stan101.si\/index.php\/vodovod\/\" \/>\n<meta property=\"og:site_name\" content=\"development\" \/>\n<meta property=\"article:modified_time\" content=\"2025-01-25T11:10:31+00:00\" \/>\n<meta name=\"twitter:card\" content=\"summary_large_image\" \/>\n<meta name=\"twitter:label1\" content=\"Est. reading time\" \/>\n\t<meta name=\"twitter:data1\" content=\"1 minuta\" \/>\n<script type=\"application\/ld+json\" class=\"yoast-schema-graph\">{\"@context\":\"https:\/\/schema.org\",\"@graph\":[{\"@type\":\"WebPage\",\"@id\":\"https:\/\/dev.stan101.si\/index.php\/vodovod\/\",\"url\":\"https:\/\/dev.stan101.si\/index.php\/vodovod\/\",\"name\":\"Vodovod - development\",\"isPartOf\":{\"@id\":\"https:\/\/dev.stan101.si\/#website\"},\"datePublished\":\"2025-01-25T11:06:17+00:00\",\"dateModified\":\"2025-01-25T11:10:31+00:00\",\"breadcrumb\":{\"@id\":\"https:\/\/dev.stan101.si\/index.php\/vodovod\/#breadcrumb\"},\"inLanguage\":\"sl-SI\",\"potentialAction\":[{\"@type\":\"ReadAction\",\"target\":[\"https:\/\/dev.stan101.si\/index.php\/vodovod\/\"]}]},{\"@type\":\"BreadcrumbList\",\"@id\":\"https:\/\/dev.stan101.si\/index.php\/vodovod\/#breadcrumb\",\"itemListElement\":[{\"@type\":\"ListItem\",\"position\":1,\"name\":\"Home\",\"item\":\"https:\/\/dev.stan101.si\/\"},{\"@type\":\"ListItem\",\"position\":2,\"name\":\"Vodovod\"}]},{\"@type\":\"WebSite\",\"@id\":\"https:\/\/dev.stan101.si\/#website\",\"url\":\"https:\/\/dev.stan101.si\/\",\"name\":\"development\",\"description\":\"\",\"potentialAction\":[{\"@type\":\"SearchAction\",\"target\":{\"@type\":\"EntryPoint\",\"urlTemplate\":\"https:\/\/dev.stan101.si\/?s={search_term_string}\"},\"query-input\":{\"@type\":\"PropertyValueSpecification\",\"valueRequired\":true,\"valueName\":\"search_term_string\"}}],\"inLanguage\":\"sl-SI\"}]}<\/script>\n<!-- \/ Yoast SEO plugin. -->","yoast_head_json":{"title":"Vodovod - development","robots":{"index":"noindex","follow":"nofollow"},"og_locale":"sl_SI","og_type":"article","og_title":"Vodovod - development","og_description":"Vodovodni sistem Stan-Debenec Upravljanje Uporabniki in lastniki vodovodnega sistema Debenec-Stan so na Izrednem zboru uporabnikov in lastnikov dne 27. 8. 2016 pooblastili Dru\u0161tvo za razvoj Debenca in Stana za upravljanje in od\u010ditavanje vodovodnih \u0161tevcev. Zapisnik izrednega zbora 27. 08. 2016 &hellip; Beri naprej &rarr;","og_url":"https:\/\/dev.stan101.si\/index.php\/vodovod\/","og_site_name":"development","article_modified_time":"2025-01-25T11:10:31+00:00","twitter_card":"summary_large_image","twitter_misc":{"Est. reading time":"1 minuta"},"schema":{"@context":"https:\/\/schema.org","@graph":[{"@type":"WebPage","@id":"https:\/\/dev.stan101.si\/index.php\/vodovod\/","url":"https:\/\/dev.stan101.si\/index.php\/vodovod\/","name":"Vodovod - development","isPartOf":{"@id":"https:\/\/dev.stan101.si\/#website"},"datePublished":"2025-01-25T11:06:17+00:00","dateModified":"2025-01-25T11:10:31+00:00","breadcrumb":{"@id":"https:\/\/dev.stan101.si\/index.php\/vodovod\/#breadcrumb"},"inLanguage":"sl-SI","potentialAction":[{"@type":"ReadAction","target":["https:\/\/dev.stan101.si\/index.php\/vodovod\/"]}]},{"@type":"BreadcrumbList","@id":"https:\/\/dev.stan101.si\/index.php\/vodovod\/#breadcrumb","itemListElement":[{"@type":"ListItem","position":1,"name":"Home","item":"https:\/\/dev.stan101.si\/"},{"@type":"ListItem","position":2,"name":"Vodovod"}]},{"@type":"WebSite","@id":"https:\/\/dev.stan101.si\/#website","url":"https:\/\/dev.stan101.si\/","name":"development","description":"","potentialAction":[{"@type":"SearchAction","target":{"@type":"EntryPoint","urlTemplate":"https:\/\/dev.stan101.si\/?s={search_term_string}"},"query-input":{"@type":"PropertyValueSpecification","valueRequired":true,"valueName":"search_term_string"}}],"inLanguage":"sl-SI"}]}},"_links":{"self":[{"href":"https:\/\/dev.stan101.si\/index.php\/wp-json\/wp\/v2\/pages\/42","targetHints":{"allow":["GET"]}}],"collection":[{"href":"https:\/\/dev.stan101.si\/index.php\/wp-json\/wp\/v2\/pages"}],"about":[{"href":"https:\/\/dev.stan101.si\/index.php\/wp-json\/wp\/v2\/types\/page"}],"author":[{"embeddable":true,"href":"https:\/\/dev.stan101.si\/index.php\/wp-json\/wp\/v2\/users\/1"}],"replies":[{"embeddable":true,"href":"https:\/\/dev.stan101.si\/index.php\/wp-json\/wp\/v2\/comments?post=42"}],"version-history":[{"count":6,"href":"https:\/\/dev.stan101.si\/index.php\/wp-json\/wp\/v2\/pages\/42\/revisions"}],"predecessor-version":[{"id":51,"href":"https:\/\/dev.stan101.si\/index.php\/wp-json\/wp\/v2\/pages\/42\/revisions\/51"}],"wp:attachment":[{"href":"https:\/\/dev.stan101.si\/index.php\/wp-json\/wp\/v2\/media?parent=42"}],"curies":[{"name":"wp","href":"https:\/\/api.w.org\/{rel}","templated":true}]}}